{"id":27,"date":"2020-09-22T06:21:34","date_gmt":"2020-09-22T06:21:34","guid":{"rendered":"https:\/\/her-ritt.staging.ruffnet.hu\/?page_id=27"},"modified":"2025-04-09T05:50:52","modified_gmt":"2025-04-09T05:50:52","slug":"bemutatkozas","status":"publish","type":"page","link":"https:\/\/her-ritt.staging.ruffnet.hu\/en\/bemutatkozas\/","title":{"rendered":"Bemutatkoz\u00e1s"},"content":{"rendered":"<div data-elementor-type=\"wp-page\" data-elementor-id=\"27\" class=\"elementor elementor-27\" data-elementor-post-type=\"page\">\n\t\t\t\t<main class=\"elementor-element elementor-element-713d0c3 e-flex e-con-boxed e-con e-parent\" data-id=\"713d0c3\" data-element_type=\"container\" data-settings=\"{&quot;background_background&quot;:&quot;classic&quot;}\">\n\t\t\t\t\t<div class=\"e-con-inner\">\n\t\t<div class=\"elementor-element elementor-element-73bc505 e-con-full e-flex e-con e-child\" data-id=\"73bc505\" data-element_type=\"container\" data-settings=\"{&quot;background_background&quot;:&quot;classic&quot;}\">\n\t\t\t\t<div class=\"elementor-element elementor-element-76ac2d2 elementor-widget elementor-widget-heading\" data-id=\"76ac2d2\" data-element_type=\"widget\" data-widget_type=\"heading.default\">\n\t\t\t\t<div class=\"elementor-widget-container\">\n\t\t\t\t\t<h1 class=\"elementor-heading-title elementor-size-default\">Bemutatkoz\u00e1s<\/h1>\t\t\t\t<\/div>\n\t\t\t\t<\/div>\n\t\t\t\t<div class=\"elementor-element elementor-element-fdbea46 elementor-widget elementor-widget-text-editor\" data-id=\"fdbea46\" data-element_type=\"widget\" data-widget_type=\"text-editor.default\">\n\t\t\t\t<div class=\"elementor-widget-container\">\n\t\t\t\t\t\t\t\t\t<p id=\"block-5813b56d-4d26-4ad1-9178-325557264b1e\" class=\"wp-block-preformatted\">A Her-Ritt Kft. 1995-ben alakult meg csal\u00e1di v\u00e1llalkoz\u00e1sk\u00e9nt, f\u0151profilja a mez\u0151gazdas\u00e1gi term\u00e9kek termel\u00e9se, valamint \u00e9rt\u00e9kes\u00edt\u00e9se. 1999-ben 100 ha Chasselas csemegesz\u0151l\u0151t telep\u00edtett\u00fcnk, majd 2014-ben a piaci hat\u00e1sok miatt ir\u00e1nyt v\u00e1ltottunk a borsz\u0151l\u0151k fel\u00e9 \u00e9s el\u00fcltett\u00fck az els\u0151 Cserszegi F\u0171szeres \u00fcltetv\u00e9ny\u00fcnket.<\/p><p>2015-t\u0151l kezdve folyamatosan fajtav\u00e1lt\u00e1ssal cser\u00e9lj\u00fck ki a Chasselas \u00fcltetv\u00e9nyt korszer\u0171 f\u00e9m t\u00e1mrendszerrel, ennek a folyamatnak 2021 \u0151sz\u00e9n fogunk a v\u00e9g\u00e9re \u00e9rni. Siker\u00fclt ter\u00fcletet is b\u0151v\u00edten\u00fcnk az \u00e9vek alatt, \u00edgy m\u00e1r 140 ha sz\u0151l\u0151t m\u0171vel\u00fcnk legjobb tud\u00e1sunk szerint.<\/p><p class=\"wp-block-preformatted\">Az \u00fcltetv\u00e9nyek m\u0171vel\u00e9s\u00e9hez sz\u00fcks\u00e9ges sz\u00e9lesk\u00f6r\u0171 \u00e9s modern a g\u00e9pparkkal rendelkez\u00fcnk a metsz\u00e9st\u0151l a betakar\u00edt\u00e1sig. Az \u00fcltetv\u00e9nyek Kecel \u00e9s Imrehegy hat\u00e1r\u00e1ban, a Duna-Tisza k\u00f6z\u00e9n, B\u00e1cs-Kiskun megy\u00e9ben tal\u00e1lhat\u00f3k.<\/p><p>2018-as \u00e9v volt a nagy fordul\u00f3 pont, amikor az ir\u00e1nyv\u00e1lt\u00e1s 2. \u00fcteme indult el, a saj\u00e1t bor\u00e1szat meg\u00e9p\u00edt\u00e9s\u00e9vel. Sikeresen vett\u00fck az akad\u00e1lyokat \u00e9s 2019-ben \u00e9let\u00fcnk els\u0151 saj\u00e1t sz\u0151l\u0151feldolgoz\u00e1sa is megt\u00f6rt\u00e9nt. Az \u00fcltetv\u00e9nyek fajtav\u00e1lt\u00e1sa ut\u00e1n folyamatosan tervezz\u00fck a bor\u00e1szat b\u0151v\u00edt\u00e9s\u00e9t \u00e9s fejleszt\u00e9s\u00e9t. A bor\u00e1szattal c\u00e9lnak t\u0171zt\u00fck ki az adott k\u00f6r\u00fclm\u00e9nyek k\u00f6z\u00f6tt a lehet\u0151 legjobb min\u0151s\u00e9g\u0171 bor el\u0151\u00e1ll\u00edt\u00e1s\u00e1t, folyamatos tanul\u00e1s \u00e9s technol\u00f3giai fejleszt\u00e9s mellett.<\/p><p>A v\u00e1llalkoz\u00e1sunk teljesen csal\u00e1di form\u00e1ban m\u0171k\u00f6dik, sz\u00fcleinknek t\u00f6bb mint 40 \u00e9ves tapasztalata van a sz\u0151l\u0151termeszt\u00e9s ter\u00e9n, melyet folyamatosan adnak \u00e1t sz\u00e1munkra, a bor\u00e1szkod\u00e1st pedig k\u00f6z\u00f6sen tanuljuk nagy lelkesed\u00e9ssel.<\/p><p><em>Herczeg csal\u00e1d<\/em><\/p>\t\t\t\t\t\t\t\t<\/div>\n\t\t\t\t<\/div>\n\t\t\t\t<\/div>\n\t\t\t\t\t<\/div>\n\t\t\t\t<\/main>\n\t\t\t\t<\/div>","protected":false},"excerpt":{"rendered":"<p>Bemutatkoz\u00e1s A Her-Ritt Kft. 1995-ben alakult meg csal\u00e1di v\u00e1llalkoz\u00e1sk\u00e9nt, f\u0151profilja a mez\u0151gazdas\u00e1gi term\u00e9kek termel\u00e9se, valamint \u00e9rt\u00e9kes\u00edt\u00e9se. 1999-ben 100 ha Chasselas csemegesz\u0151l\u0151t telep\u00edtett\u00fcnk, majd 2014-ben a piaci hat\u00e1sok miatt ir\u00e1nyt v\u00e1ltottunk a borsz\u0151l\u0151k fel\u00e9 \u00e9s el\u00fcltett\u00fck az els\u0151 Cserszegi F\u0171szeres \u00fcltetv\u00e9ny\u00fcnket. 2015-t\u0151l kezdve folyamatosan fajtav\u00e1lt\u00e1ssal cser\u00e9lj\u00fck ki a Chasselas \u00fcltetv\u00e9nyt korszer\u0171 f\u00e9m t\u00e1mrendszerrel, ennek a folyamatnak [&hellip;]<\/p>","protected":false},"author":1,"featured_media":0,"parent":0,"menu_order":0,"comment_status":"closed","ping_status":"closed","template":"elementor_header_footer","meta":{"_acf_changed":false,"_monsterinsights_skip_tracking":false,"_monsterinsights_sitenote_active":false,"_monsterinsights_sitenote_note":"","_monsterinsights_sitenote_category":0,"footnotes":""},"class_list":["post-27","page","type-page","status-publish","hentry"],"acf":[],"aioseo_notices":[],"_links":{"self":[{"href":"https:\/\/her-ritt.staging.ruffnet.hu\/en\/wp-json\/wp\/v2\/pages\/27","targetHints":{"allow":["GET"]}}],"collection":[{"href":"https:\/\/her-ritt.staging.ruffnet.hu\/en\/wp-json\/wp\/v2\/pages"}],"about":[{"href":"https:\/\/her-ritt.staging.ruffnet.hu\/en\/wp-json\/wp\/v2\/types\/page"}],"author":[{"embeddable":true,"href":"https:\/\/her-ritt.staging.ruffnet.hu\/en\/wp-json\/wp\/v2\/users\/1"}],"replies":[{"embeddable":true,"href":"https:\/\/her-ritt.staging.ruffnet.hu\/en\/wp-json\/wp\/v2\/comments?post=27"}],"version-history":[{"count":14,"href":"https:\/\/her-ritt.staging.ruffnet.hu\/en\/wp-json\/wp\/v2\/pages\/27\/revisions"}],"predecessor-version":[{"id":1118,"href":"https:\/\/her-ritt.staging.ruffnet.hu\/en\/wp-json\/wp\/v2\/pages\/27\/revisions\/1118"}],"wp:attachment":[{"href":"https:\/\/her-ritt.staging.ruffnet.hu\/en\/wp-json\/wp\/v2\/media?parent=27"}],"curies":[{"name":"wp","href":"https:\/\/api.w.org\/{rel}","templated":true}]}}