{"id":2,"date":"2020-09-21T14:38:23","date_gmt":"2020-09-21T14:38:23","guid":{"rendered":"https:\/\/her-ritt.staging.ruffnet.hu\/?page_id=2"},"modified":"2025-05-19T07:35:50","modified_gmt":"2025-05-19T07:35:50","slug":"boraszat","status":"publish","type":"page","link":"https:\/\/her-ritt.staging.ruffnet.hu\/de\/boraszat\/","title":{"rendered":"Bor\u00e1szat"},"content":{"rendered":"<div data-elementor-type=\"wp-page\" data-elementor-id=\"2\" class=\"elementor elementor-2\" data-elementor-post-type=\"page\">\n\t\t\t\t<main class=\"elementor-element elementor-element-2b68b4a e-flex e-con-boxed e-con e-parent\" data-id=\"2b68b4a\" data-element_type=\"container\" data-settings=\"{&quot;background_background&quot;:&quot;classic&quot;}\">\n\t\t\t\t\t<div class=\"e-con-inner\">\n\t\t<div class=\"elementor-element elementor-element-0f826fd e-con-full e-flex e-con e-child\" data-id=\"0f826fd\" data-element_type=\"container\" data-settings=\"{&quot;background_background&quot;:&quot;classic&quot;}\">\n\t\t<div class=\"elementor-element elementor-element-c7ab506 e-con-full e-flex e-con e-child\" data-id=\"c7ab506\" data-element_type=\"container\" data-settings=\"{&quot;background_background&quot;:&quot;classic&quot;}\">\n\t\t\t\t<div class=\"elementor-element elementor-element-4ba1e2d elementor-widget elementor-widget-text-editor\" data-id=\"4ba1e2d\" data-element_type=\"widget\" data-widget_type=\"text-editor.default\">\n\t\t\t\t<div class=\"elementor-widget-container\">\n\t\t\t\t\t\t\t\t\t<p>Bor\u00e1szatunk tervez\u00e9si f\u00e1zisa 2018-ban kezd\u0151d\u00f6tt el \u00e9s a t\u00e9nyleges kivitelez\u00e9s 2019 febru\u00e1rj\u00e1ban indult meg.<br \/>Els\u0151 perct\u0151l fogva a c\u00e9l a min\u0151s\u00e9gi bork\u00e9sz\u00edt\u00e9s volt, \u00edgy a Redukt\u00edv* technol\u00f3gia mellett tett\u00fck le a voksunkat,<br \/>ezt figyelembe v\u00e9ve v\u00e1lasztottuk ki g\u00e9peinket is.<br \/>Saj\u00e1t magunk sz\u00fcretel\u00fcnk, ez\u00e9rt teljes m\u00e9rt\u00e9kben tudjuk szab\u00e1lyozni a szed\u00e9s idej\u00e9t, a leszedett mennyis\u00e9get. Ez azt eredm\u00e9nyezi, hogy a leszedett sz\u0151l\u0151<br \/>maximum 3-4 \u00f3r\u00e1n bel\u00fcl h\u0171t\u00f6tt, kezelt mustk\u00e9nt k\u00e9szen v\u00e1rja a tiszt\u00edt\u00e1st, mely flot\u00e1l\u00e1si technik\u00e1val zajlik.<br \/>Az els\u0151 k\u00f6rben megval\u00f3sult beruh\u00e1z\u00e1s kapacit\u00e1sa id\u00e9n el\u00e9rte a korl\u00e1tait, ez\u00e9rt a 2021-es sz\u00fcretre tervez\u00fcnk egy nagyobb kapacit\u00e1s b\u0151v\u00edt\u00e9st, \u00edgy a term\u0151re fordul\u00f3 sz\u0151l\u0151ter\u00fcleteink folyamatosan \u00f6sszhangban lesznek a bor\u00e1szati kapacit\u00e1ssal.<\/p>\n<p>Term\u00e9szetesen dolgozunk azon is, hogy kialakuljon egy stabil vev\u0151k\u00f6r\u00fcnk, keress\u00fck lehet\u0151s\u00e9geket belf\u00f6ld\u00f6n \u00e9s k\u00fclf\u00f6ld\u00f6n is egyar\u00e1nt.<\/p>\n<p>*Mi is ez a redukt\u00edv technol\u00f3gia?<\/p>\n<p>Egyszer\u0171en fogalmazva az oxidat\u00edv elj\u00e1r\u00e1s ellent\u00e9te, vagyis a leveg\u0151 kiz\u00e1r\u00e1s\u00e1val, az oxidat\u00edv folyamatok mell\u0151z\u00e9s\u00e9vel k\u00e9sz\u00edtett bor. (A bork\u00e9sz\u00edt\u00e9s l\u00e9nyegi eleme a must kierjeszt\u00e9se borr\u00e1.)<br \/>Ez term\u00e9szetesen egy hord\u00f3ban (a hord\u00f3 dong\u00e1i k\u00f6z\u00f6tt bejut a leveg\u0151, l\u00e1sd mikro oxid\u00e1ci\u00f3) nem igaz\u00e1n mehet v\u00e9gbe, ez\u00e9rt az esetek t\u00f6bbs\u00e9g\u00e9ben ac\u00e9ltart\u00e1lyban j\u00e1tsz\u00f3dik a folyamat.<br \/>A redukt\u00edv elj\u00e1r\u00e1s l\u00e9nyege, hogy a gy\u00fcm\u00f6lcsben l\u00e9v\u0151 els\u0151dleges arom\u00e1kat meg\u0151rizz\u00fck a borban. A must erjed\u00e9se sor\u00e1n h\u0151 keletkezik, \u00edgy ak\u00e1r 40 fokra is felhev\u00fclhet.<br \/>Ebben a k\u00f6rnyezetben viszont a friss illat \u00e9s a gy\u00fcm\u00f6lcs\u00f6s arom\u00e1k elvesznek. Ennek elker\u00fcl\u00e9se \u00e9rdek\u00e9ben dupla fal\u00fa ac\u00e9ltart\u00e1lyokban t\u00f6rt\u00e9nik az erjeszt\u00e9s,<br \/>amelyet egy h\u0171t\u0151 berendez\u00e9s folyamatosan kontroll alatt tart \u00e9s nem engedi 15-18 fokn\u00e1l magasabbra emelkedni.<br \/>A mustnak azonban \u00e9leszt\u0151gomb\u00e1kra van sz\u00fcks\u00e9ge, hiszen ezek az igen hasznos organizmusok alak\u00edtj\u00e1k a mustban l\u00e9v\u0151 cukrot alkoholl\u00e1.<br \/>Az \u00e9leszt\u0151gomb\u00e1k a boros pinc\u00e9kben \u00e9lnek \u00e9vtizedek vagy \u00e9vsz\u00e1zadok \u00f3ta, azonban a XXI. sz\u00e1zadi tudom\u00e1ny m\u00e1r lehet\u0151v\u00e9 teszi, hogy az adott bornak legmegfelel\u0151bb \u00e9leszt\u0151t (ezek a faj\u00e9leszt\u0151k) kiv\u00e1lasszuk \u00e9s ir\u00e1ny\u00edtottan erjessz\u00fck a bort.<br \/>Vagyis nem b\u00edzz\u00e1k a v\u00e9letlenre, hogy milyen bor k\u00e9sz\u00fclj\u00f6n.<\/p>\t\t\t\t\t\t\t\t<\/div>\n\t\t\t\t<\/div>\n\t\t\t\t<div class=\"elementor-element elementor-element-dbb98d5 elementor-align-center elementor-widget elementor-widget-button\" data-id=\"dbb98d5\" data-element_type=\"widget\" data-widget_type=\"button.default\">\n\t\t\t\t<div class=\"elementor-widget-container\">\n\t\t\t\t\t\t\t\t\t<div class=\"elementor-button-wrapper\">\n\t\t\t\t\t<a class=\"elementor-button elementor-button-link elementor-size-sm\" href=\"#\">\n\t\t\t\t\t\t<span class=\"elementor-button-content-wrapper\">\n\t\t\t\t\t\t\t\t\t<span class=\"elementor-button-text\">El\u00e9rhet\u0151 boraink<\/span>\n\t\t\t\t\t<\/span>\n\t\t\t\t\t<\/a>\n\t\t\t\t<\/div>\n\t\t\t\t\t\t\t\t<\/div>\n\t\t\t\t<\/div>\n\t\t\t\t<\/div>\n\t\t\t\t<\/div>\n\t\t\t\t\t<\/div>\n\t\t\t\t<\/main>\n\t\t\t\t<\/div>","protected":false},"excerpt":{"rendered":"<p>Bor\u00e1szatunk tervez\u00e9si f\u00e1zisa 2018-ban kezd\u0151d\u00f6tt el \u00e9s a t\u00e9nyleges kivitelez\u00e9s 2019 febru\u00e1rj\u00e1ban indult meg.Els\u0151 perct\u0151l fogva a c\u00e9l a min\u0151s\u00e9gi bork\u00e9sz\u00edt\u00e9s volt, \u00edgy a Redukt\u00edv* technol\u00f3gia mellett tett\u00fck le a voksunkat,ezt figyelembe v\u00e9ve v\u00e1lasztottuk ki g\u00e9peinket is.Saj\u00e1t magunk sz\u00fcretel\u00fcnk, ez\u00e9rt teljes m\u00e9rt\u00e9kben tudjuk szab\u00e1lyozni a szed\u00e9s idej\u00e9t, a leszedett mennyis\u00e9get. Ez azt eredm\u00e9nyezi, hogy a [&hellip;]<\/p>","protected":false},"author":1,"featured_media":0,"parent":0,"menu_order":0,"comment_status":"closed","ping_status":"open","template":"","meta":{"_acf_changed":false,"_monsterinsights_skip_tracking":false,"_monsterinsights_sitenote_active":false,"_monsterinsights_sitenote_note":"","_monsterinsights_sitenote_category":0,"footnotes":""},"class_list":["post-2","page","type-page","status-publish","hentry"],"acf":[],"aioseo_notices":[],"_links":{"self":[{"href":"https:\/\/her-ritt.staging.ruffnet.hu\/de\/wp-json\/wp\/v2\/pages\/2","targetHints":{"allow":["GET"]}}],"collection":[{"href":"https:\/\/her-ritt.staging.ruffnet.hu\/de\/wp-json\/wp\/v2\/pages"}],"about":[{"href":"https:\/\/her-ritt.staging.ruffnet.hu\/de\/wp-json\/wp\/v2\/types\/page"}],"author":[{"embeddable":true,"href":"https:\/\/her-ritt.staging.ruffnet.hu\/de\/wp-json\/wp\/v2\/users\/1"}],"replies":[{"embeddable":true,"href":"https:\/\/her-ritt.staging.ruffnet.hu\/de\/wp-json\/wp\/v2\/comments?post=2"}],"version-history":[{"count":27,"href":"https:\/\/her-ritt.staging.ruffnet.hu\/de\/wp-json\/wp\/v2\/pages\/2\/revisions"}],"predecessor-version":[{"id":1633,"href":"https:\/\/her-ritt.staging.ruffnet.hu\/de\/wp-json\/wp\/v2\/pages\/2\/revisions\/1633"}],"wp:attachment":[{"href":"https:\/\/her-ritt.staging.ruffnet.hu\/de\/wp-json\/wp\/v2\/media?parent=2"}],"curies":[{"name":"wp","href":"https:\/\/api.w.org\/{rel}","templated":true}]}}